{"id":3341,"date":"2024-06-23T12:48:30","date_gmt":"2024-06-23T17:48:30","guid":{"rendered":"https:\/\/salentobirdfair.com\/?page_id=3341"},"modified":"2024-07-09T12:48:56","modified_gmt":"2024-07-09T17:48:56","slug":"concurso-de-fotografia-de-aves","status":"publish","type":"page","link":"https:\/\/salentobirdfair.com\/en\/concurso-de-fotografia-de-aves\/","title":{"rendered":"Concurso de Fotograf\u00eda de Aves"},"content":{"rendered":"\t\t<div data-elementor-type=\"wp-page\" data-elementor-id=\"3341\" class=\"elementor elementor-3341\">\n\t\t\t\t\t\t<section class=\"elementor-section elementor-top-section elementor-element elementor-element-12611f6 elementor-section-full_width elementor-section-height-default elementor-section-height-default\" data-id=\"12611f6\" data-element_type=\"section\" data-e-type=\"section\">\n\t\t\t\t\t\t<div class=\"elementor-container elementor-column-gap-no\">\n\t\t\t\t\t<div class=\"elementor-column elementor-col-100 elementor-top-column elementor-element elementor-element-3760551\" data-id=\"3760551\" data-element_type=\"column\" data-e-type=\"column\">\n\t\t\t<div class=\"elementor-widget-wrap elementor-element-populated\">\n\t\t\t\t\t\t<div class=\"elementor-element elementor-element-d2f495e elementor-widget elementor-widget-honshi-hero-slider\" data-id=\"d2f495e\" data-element_type=\"widget\" data-e-type=\"widget\" data-widget_type=\"honshi-hero-slider.default\">\n\t\t\t\t<div class=\"elementor-widget-container\">\n\t\t\t\t\t<div id=\"hero\" class=\"hero hero-fullscreen hero_d2f495e\"><div class=\"hero-slider-elementor owl-carousel owl-theme -js-carousel\" data-owl-items=\"1\" data-owl-loop=\"true\" data-owl-autoplay=\"true\" data-owl-autoplayhoverpause=\"true\" data-owl-dots=\"false\" data-owl-autoplaytimeout=\"6000\" data-owl-speed=\"3000\" data-owl-smartspeed=\"3000\" data-owl-fluidspeed=\"true\"><div class=\"slide slide-item jarallax elementor-repeater-item-ad95d2f\" data-img-size=\"cover\" data-img-position=\"center\" data-img-repeat=\"no-repeat\" data-type=\"scroll\" data-speed=\"0.2\" data-android=\"1\" data-ios=\"1\"><div class=\"hero-content\"><div class=\"container\"><div class=\"m-auto text-right\"><h3 class=\"hero-heading h1-lg mb10\">Salento Birdfair<\/h3><h3 class=\"lead h5-md mb20\">Septiembre 13-15<\/h3><\/div><\/div><\/div><\/div><\/div><\/div>\t\t\t\t<\/div>\n\t\t\t\t<\/div>\n\t\t\t\t\t<\/div>\n\t\t<\/div>\n\t\t\t\t\t<\/div>\n\t\t<\/section>\n\t\t\t\t<section class=\"elementor-section elementor-top-section elementor-element elementor-element-3e9ad743 elementor-section-content-middle elementor-section-boxed elementor-section-height-default elementor-section-height-default\" data-id=\"3e9ad743\" data-element_type=\"section\" data-e-type=\"section\" data-settings=\"{&quot;background_background&quot;:&quot;classic&quot;}\">\n\t\t\t\t\t\t<div class=\"elementor-container elementor-column-gap-default\">\n\t\t\t\t\t<div class=\"elementor-column elementor-col-100 elementor-top-column elementor-element elementor-element-6353cce9\" data-id=\"6353cce9\" data-element_type=\"column\" data-e-type=\"column\">\n\t\t\t<div class=\"elementor-widget-wrap elementor-element-populated\">\n\t\t\t\t\t\t<section class=\"elementor-section elementor-inner-section elementor-element elementor-element-3b3cdb9a elementor-section-content-middle elementor-section-boxed elementor-section-height-default elementor-section-height-default\" data-id=\"3b3cdb9a\" data-element_type=\"section\" data-e-type=\"section\">\n\t\t\t\t\t\t<div class=\"elementor-container elementor-column-gap-default\">\n\t\t\t\t\t<div class=\"elementor-column elementor-col-100 elementor-inner-column elementor-element elementor-element-1391ef01\" data-id=\"1391ef01\" data-element_type=\"column\" data-e-type=\"column\">\n\t\t\t<div class=\"elementor-widget-wrap elementor-element-populated\">\n\t\t\t\t\t\t<div class=\"elementor-element elementor-element-7dbcf89 elementor-widget elementor-widget-heading\" data-id=\"7dbcf89\" data-element_type=\"widget\" data-e-type=\"widget\" data-widget_type=\"heading.default\">\n\t\t\t\t<div class=\"elementor-widget-container\">\n\t\t\t\t\t<h5 class=\"elementor-heading-title elementor-size-default\">participa y gana fabulosos premios<\/h5>\t\t\t\t<\/div>\n\t\t\t\t<\/div>\n\t\t\t\t<div class=\"elementor-element elementor-element-1313219 elementor-widget elementor-widget-heading\" data-id=\"1313219\" data-element_type=\"widget\" data-e-type=\"widget\" data-widget_type=\"heading.default\">\n\t\t\t\t<div class=\"elementor-widget-container\">\n\t\t\t\t\t<h5 class=\"elementor-heading-title elementor-size-default\">Concurso de Fotograf\u00eda de aves<\/h5>\t\t\t\t<\/div>\n\t\t\t\t<\/div>\n\t\t\t\t<div class=\"elementor-element elementor-element-d667bd1 elementor-widget elementor-widget-heading\" data-id=\"d667bd1\" data-element_type=\"widget\" data-e-type=\"widget\" data-widget_type=\"heading.default\">\n\t\t\t\t<div class=\"elementor-widget-container\">\n\t\t\t\t\t<h5 class=\"elementor-heading-title elementor-size-default\">Salento Bird Fair 2024<\/h5>\t\t\t\t<\/div>\n\t\t\t\t<\/div>\n\t\t\t\t\t<\/div>\n\t\t<\/div>\n\t\t\t\t\t<\/div>\n\t\t<\/section>\n\t\t\t\t<section class=\"elementor-section elementor-inner-section elementor-element elementor-element-78aee365 elementor-section-boxed elementor-section-height-default elementor-section-height-default\" data-id=\"78aee365\" data-element_type=\"section\" data-e-type=\"section\">\n\t\t\t\t\t\t<div class=\"elementor-container elementor-column-gap-default\">\n\t\t\t\t\t<div class=\"elementor-column elementor-col-100 elementor-inner-column elementor-element elementor-element-412c9793\" data-id=\"412c9793\" data-element_type=\"column\" data-e-type=\"column\">\n\t\t\t<div class=\"elementor-widget-wrap elementor-element-populated\">\n\t\t\t\t\t\t<div class=\"elementor-element elementor-element-1a0e107 elementor-widget elementor-widget-text-editor\" data-id=\"1a0e107\" data-element_type=\"widget\" data-e-type=\"widget\" data-widget_type=\"text-editor.default\">\n\t\t\t\t<div class=\"elementor-widget-container\">\n\t\t\t\t\t\t\t\t\t<div class=\"flex flex-grow flex-col max-w-full\"><div class=\"min-h-[20px] text-message flex flex-col items-start whitespace-pre-wrap break-words [.text-message+&amp;]:mt-5 juice:w-full juice:items-end overflow-x-auto gap-2\" dir=\"auto\" data-message-author-role=\"assistant\" data-message-id=\"512c4d09-8881-4799-824f-5226f8f51abd\"><div class=\"flex w-full flex-col gap-1 juice:empty:hidden juice:first:pt-[3px]\"><div class=\"markdown prose w-full break-words dark:prose-invert light\"><p>\u00bfEres apasionado de la fotograf\u00eda y las aves? \u00a1Esta es tu oportunidad para exponer tu trabajo en nuestro escenario de arte! Env\u00eda tu mejor fotograf\u00eda de aves y podr\u00edas ser uno de los 20 finalistas que exhibir\u00e1n su talento en la exposici\u00f3n fotogr\u00e1fica en\u00a0 Salento durante los d\u00edas de la Salento Birdfair. Con la oportunidad de ganar hasta 500 mil pesos, y otros emocionantes premios, \u00a1no puedes perderte esta experiencia \u00fanica! \u00bfEst\u00e1s listo para capturar la esencia de la Feria? \u00a1Inscr\u00edbete ahora y deja que tu arte vuele alto!<\/p><\/div><\/div><\/div><\/div>\t\t\t\t\t\t\t\t<\/div>\n\t\t\t\t<\/div>\n\t\t\t\t<div class=\"elementor-element elementor-element-f3583ef elementor-align-center elementor-widget elementor-widget-button\" data-id=\"f3583ef\" data-element_type=\"widget\" data-e-type=\"widget\" data-widget_type=\"button.default\">\n\t\t\t\t<div class=\"elementor-widget-container\">\n\t\t\t\t\t\t\t\t\t<div class=\"elementor-button-wrapper\">\n\t\t\t\t\t<a class=\"elementor-button elementor-button-link elementor-size-sm\" href=\"https:\/\/forms.gle\/KrDUg2kAKGtcnmUM7\" target=\"_blank\" rel=\"noopener\">\n\t\t\t\t\t\t<span class=\"elementor-button-content-wrapper\">\n\t\t\t\t\t\t\t\t\t<span class=\"elementor-button-text\">Participa ahora<\/span>\n\t\t\t\t\t<\/span>\n\t\t\t\t\t<\/a>\n\t\t\t\t<\/div>\n\t\t\t\t\t\t\t\t<\/div>\n\t\t\t\t<\/div>\n\t\t\t\t\t<\/div>\n\t\t<\/div>\n\t\t\t\t\t<\/div>\n\t\t<\/section>\n\t\t\t\t\t<\/div>\n\t\t<\/div>\n\t\t\t\t\t<\/div>\n\t\t<\/section>\n\t\t\t\t<section class=\"elementor-section elementor-top-section elementor-element elementor-element-a2f2704 elementor-section-content-middle elementor-section-boxed elementor-section-height-default elementor-section-height-default\" data-id=\"a2f2704\" data-element_type=\"section\" data-e-type=\"section\" data-settings=\"{&quot;background_background&quot;:&quot;classic&quot;}\">\n\t\t\t\t\t\t<div class=\"elementor-container elementor-column-gap-default\">\n\t\t\t\t\t<div class=\"elementor-column elementor-col-100 elementor-top-column elementor-element elementor-element-074743d\" data-id=\"074743d\" data-element_type=\"column\" data-e-type=\"column\">\n\t\t\t<div class=\"elementor-widget-wrap elementor-element-populated\">\n\t\t\t\t\t\t<section class=\"elementor-section elementor-inner-section elementor-element elementor-element-3afc4f3 elementor-section-content-middle elementor-section-boxed elementor-section-height-default elementor-section-height-default\" data-id=\"3afc4f3\" data-element_type=\"section\" data-e-type=\"section\">\n\t\t\t\t\t\t<div class=\"elementor-container elementor-column-gap-default\">\n\t\t\t\t\t<div class=\"elementor-column elementor-col-100 elementor-inner-column elementor-element elementor-element-435e90f\" data-id=\"435e90f\" data-element_type=\"column\" data-e-type=\"column\">\n\t\t\t<div class=\"elementor-widget-wrap elementor-element-populated\">\n\t\t\t\t\t\t<div class=\"elementor-element elementor-element-f4b51d1 elementor-widget elementor-widget-heading\" data-id=\"f4b51d1\" data-element_type=\"widget\" data-e-type=\"widget\" data-widget_type=\"heading.default\">\n\t\t\t\t<div class=\"elementor-widget-container\">\n\t\t\t\t\t<h5 class=\"elementor-heading-title elementor-size-default\">T\u00e9rminos y condiciones<\/h5>\t\t\t\t<\/div>\n\t\t\t\t<\/div>\n\t\t\t\t<div class=\"elementor-element elementor-element-fa57429 elementor-widget elementor-widget-heading\" data-id=\"fa57429\" data-element_type=\"widget\" data-e-type=\"widget\" data-widget_type=\"heading.default\">\n\t\t\t\t<div class=\"elementor-widget-container\">\n\t\t\t\t\t<h5 class=\"elementor-heading-title elementor-size-default\">C\u00f3mo participar?<\/h5>\t\t\t\t<\/div>\n\t\t\t\t<\/div>\n\t\t\t\t\t<\/div>\n\t\t<\/div>\n\t\t\t\t\t<\/div>\n\t\t<\/section>\n\t\t\t\t<section class=\"elementor-section elementor-inner-section elementor-element elementor-element-11e2504 elementor-section-boxed elementor-section-height-default elementor-section-height-default\" data-id=\"11e2504\" data-element_type=\"section\" data-e-type=\"section\">\n\t\t\t\t\t\t<div class=\"elementor-container elementor-column-gap-default\">\n\t\t\t\t\t<div class=\"elementor-column elementor-col-100 elementor-inner-column elementor-element elementor-element-8451f2b\" data-id=\"8451f2b\" data-element_type=\"column\" data-e-type=\"column\">\n\t\t\t<div class=\"elementor-widget-wrap elementor-element-populated\">\n\t\t\t\t\t\t<div class=\"elementor-element elementor-element-c42c92a elementor-widget elementor-widget-text-editor\" data-id=\"c42c92a\" data-element_type=\"widget\" data-e-type=\"widget\" data-widget_type=\"text-editor.default\">\n\t\t\t\t<div class=\"elementor-widget-container\">\n\t\t\t\t\t\t\t\t\t<div class=\"flex flex-grow flex-col max-w-full\"><div class=\"min-h-[20px] text-message flex flex-col items-start whitespace-pre-wrap break-words [.text-message+&amp;]:mt-5 juice:w-full juice:items-end overflow-x-auto gap-2\" dir=\"auto\" data-message-author-role=\"assistant\" data-message-id=\"512c4d09-8881-4799-824f-5226f8f51abd\"><div class=\"flex w-full flex-col gap-1 juice:empty:hidden juice:first:pt-[3px]\"><div class=\"markdown prose w-full break-words dark:prose-invert light\"><p><strong>Fase 1 Recepci\u00f3n de Participantes:<\/strong> Los participantes deber\u00e1n enviar una fotograf\u00eda de cualquier especie de ave que se pueda encontrar en Salento. Cada participante podr\u00e1 enviar \u00fanicamente una fotograf\u00eda. Las fotograf\u00edas deben tener formato vertical y se recomienda una resoluci\u00f3n de 300 ppp<br \/>(La recepci\u00f3n de fotograf\u00edas estar\u00e1 abierta hasta el 30 de Julio)<\/p><p><strong>Fase 2 Selecci\u00f3n Interna:<\/strong> Un panel de jueces seleccionar\u00e1 las 20 mejores fotograf\u00edas recibidas. Estas fotos ser\u00e1n impresas y expuestas al p\u00fablico durante los d\u00edas de la feria en Salento.<\/p><p><strong>Fase 3 Premiaci\u00f3n: <\/strong><\/p><ul><li><p>Un grupo de Jueces elegir\u00e1 la mejor fotograf\u00eda entre las 20 finalistas, la cual recibir\u00e1 un premio de 500 mil pesos.<\/p><\/li><li><p>El p\u00fablico podr\u00e1 votar por su fotograf\u00eda favorita en esta p\u00e1gina web a partir del d\u00eda 15 de Agosto. La fotograf\u00eda con m\u00e1s votos recibir\u00e1 un premio de 500 mil pesos.<\/p><\/li><li><p>Las otras 18 fotograf\u00edas finalistas recibir\u00e1n un premio de 150 mil pesos cada una.<\/p><\/li><li><p>Todos los finalistas recibir\u00e1n pases de cortes\u00eda para asistir a las conferencias de la feria en el 2024.<\/p><\/li><\/ul><p><strong>Derechos de las Fotograf\u00edas: <\/strong>Los participantes conservar\u00e1n todos los derechos de autor de sus fotograf\u00edas. Sin embargo, al participar en el concurso, otorgan a la Salento Birdfair el derecho de reproducir, exhibir y publicar las fotograf\u00edas para fines promocionales del concurso y la feria.<\/p><p><strong>Elegibilidad:<\/strong><\/p><ul><li><p>El concurso est\u00e1 abierto a fot\u00f3grafos aficionados y profesionales, mayores de 18 a\u00f1os.<\/p><\/li><li><p>Los participantes menores de edad deben enviar una autorizaci\u00f3n firmada por sus padres o representantes legales. Los padres o representantes legales deben ser mayores de edad y residentes en Colombia.<\/p><\/li><\/ul><p><strong>Fechas Importantes:<\/strong><\/p><ul><li><p>Fecha L\u00edmite para Env\u00edo de Fotograf\u00edas: 30 Julio 2024- Publicaci\u00f3n de Finalistas para votaci\u00f3n p\u00fablico: 15 Agosto 2024<\/p><\/li><li><p>Cierre votaci\u00f3n p\u00fablico : 30 Agosto 2024<\/p><\/li><li><p>Feria Salento Birdfair 2024: 13-15 Septiembre<\/p><\/li><\/ul><p><strong>Cambios y Cancelaciones: <\/strong>La organizaci\u00f3n se reserva el derecho de modificar o cancelar el concurso en cualquier momento y por cualquier raz\u00f3n. Los participantes ser\u00e1n notificados de cualquier cambio a trav\u00e9s de los canales oficiales de comunicaci\u00f3n.<\/p><p><strong>Aceptaci\u00f3n de los T\u00e9rminos: <\/strong>La participaci\u00f3n en el concurso implica la aceptaci\u00f3n de estos t\u00e9rminos y condiciones en su totalidad.<\/p><\/div><\/div><\/div><\/div>\t\t\t\t\t\t\t\t<\/div>\n\t\t\t\t<\/div>\n\t\t\t\t<div class=\"elementor-element elementor-element-0e414a9 elementor-align-center elementor-widget elementor-widget-button\" data-id=\"0e414a9\" data-element_type=\"widget\" data-e-type=\"widget\" data-widget_type=\"button.default\">\n\t\t\t\t<div class=\"elementor-widget-container\">\n\t\t\t\t\t\t\t\t\t<div class=\"elementor-button-wrapper\">\n\t\t\t\t\t<a class=\"elementor-button elementor-button-link elementor-size-sm\" href=\"https:\/\/forms.gle\/KrDUg2kAKGtcnmUM7\" target=\"_blank\" rel=\"noopener\">\n\t\t\t\t\t\t<span class=\"elementor-button-content-wrapper\">\n\t\t\t\t\t\t\t\t\t<span class=\"elementor-button-text\">Participa ahora<\/span>\n\t\t\t\t\t<\/span>\n\t\t\t\t\t<\/a>\n\t\t\t\t<\/div>\n\t\t\t\t\t\t\t\t<\/div>\n\t\t\t\t<\/div>\n\t\t\t\t\t<\/div>\n\t\t<\/div>\n\t\t\t\t\t<\/div>\n\t\t<\/section>\n\t\t\t\t\t<\/div>\n\t\t<\/div>\n\t\t\t\t\t<\/div>\n\t\t<\/section>\n\t\t\t\t<section class=\"elementor-section elementor-top-section elementor-element elementor-element-59c00889 elementor-section-boxed elementor-section-height-default elementor-section-height-default\" data-id=\"59c00889\" data-element_type=\"section\" data-e-type=\"section\" data-settings=\"{&quot;background_background&quot;:&quot;classic&quot;}\">\n\t\t\t\t\t\t<div class=\"elementor-container elementor-column-gap-default\">\n\t\t\t\t\t<div class=\"elementor-column elementor-col-100 elementor-top-column elementor-element elementor-element-216774fd\" data-id=\"216774fd\" data-element_type=\"column\" data-e-type=\"column\">\n\t\t\t<div class=\"elementor-widget-wrap elementor-element-populated\">\n\t\t\t\t\t\t<div class=\"elementor-element elementor-element-2001c6df elementor-widget elementor-widget-heading\" data-id=\"2001c6df\" data-element_type=\"widget\" data-e-type=\"widget\" data-widget_type=\"heading.default\">\n\t\t\t\t<div class=\"elementor-widget-container\">\n\t\t\t\t\t<h5 class=\"elementor-heading-title elementor-size-default\">quieres colaborar?<\/h5>\t\t\t\t<\/div>\n\t\t\t\t<\/div>\n\t\t\t\t<div class=\"elementor-element elementor-element-649adc7 elementor-widget elementor-widget-honshi-button\" data-id=\"649adc7\" data-element_type=\"widget\" data-e-type=\"widget\" data-widget_type=\"honshi-button.default\">\n\t\t\t\t<div class=\"elementor-widget-container\">\n\t\t\t\t\t<div class=\"honshi-button\"><a class=\"btn btn-circle btn btn-ghost-white btn-sm btn-md btn-circle\" href=\"https:\/\/api.whatsapp.com\/send?phone=573216667497\" target=\"_blank\" rel=\"noopener\">Cont\u00e1ctanos <\/a><\/div>\t\t\t\t<\/div>\n\t\t\t\t<\/div>\n\t\t\t\t\t<\/div>\n\t\t<\/div>\n\t\t\t\t\t<\/div>\n\t\t<\/section>\n\t\t\t\t<\/div>\n\t\t","protected":false},"excerpt":{"rendered":"<p>Salento Birdfair Septiembre 13-15 participa y gana fabulosos premios Concurso de Fotograf\u00eda de aves Salento Bird Fair 2024 \u00bfEres apasionado de la fotograf\u00eda y las aves? \u00a1Esta es tu oportunidad para exponer tu trabajo en nuestro escenario de arte! Env\u00eda tu mejor fotograf\u00eda de aves y podr\u00edas ser uno de los 20 finalistas que exhibir\u00e1n [&hellip;]<\/p>\n","protected":false},"author":19,"featured_media":0,"parent":0,"menu_order":0,"comment_status":"closed","ping_status":"closed","template":"","meta":{"footnotes":""},"class_list":["post-3341","page","type-page","status-publish","hentry"],"jetpack_sharing_enabled":true,"_links":{"self":[{"href":"https:\/\/salentobirdfair.com\/en\/wp-json\/wp\/v2\/pages\/3341","targetHints":{"allow":["GET"]}}],"collection":[{"href":"https:\/\/salentobirdfair.com\/en\/wp-json\/wp\/v2\/pages"}],"about":[{"href":"https:\/\/salentobirdfair.com\/en\/wp-json\/wp\/v2\/types\/page"}],"author":[{"embeddable":true,"href":"https:\/\/salentobirdfair.com\/en\/wp-json\/wp\/v2\/users\/19"}],"replies":[{"embeddable":true,"href":"https:\/\/salentobirdfair.com\/en\/wp-json\/wp\/v2\/comments?post=3341"}],"version-history":[{"count":100,"href":"https:\/\/salentobirdfair.com\/en\/wp-json\/wp\/v2\/pages\/3341\/revisions"}],"predecessor-version":[{"id":3498,"href":"https:\/\/salentobirdfair.com\/en\/wp-json\/wp\/v2\/pages\/3341\/revisions\/3498"}],"wp:attachment":[{"href":"https:\/\/salentobirdfair.com\/en\/wp-json\/wp\/v2\/media?parent=3341"}],"curies":[{"name":"wp","href":"https:\/\/api.w.org\/{rel}","templated":true}]}}