{"id":4693,"date":"2025-07-21T17:15:30","date_gmt":"2025-07-21T22:15:30","guid":{"rendered":"https:\/\/salentobirdfair.com\/?page_id=4693"},"modified":"2025-08-01T09:43:23","modified_gmt":"2025-08-01T14:43:23","slug":"contacto","status":"publish","type":"page","link":"https:\/\/salentobirdfair.com\/en\/contacto\/","title":{"rendered":"Contact"},"content":{"rendered":"\t\t<div data-elementor-type=\"wp-page\" data-elementor-id=\"4693\" class=\"elementor elementor-4693\">\n\t\t\t\t\t\t<section class=\"elementor-section elementor-top-section elementor-element elementor-element-12611f6 elementor-section-full_width elementor-section-height-default elementor-section-height-default\" data-id=\"12611f6\" data-element_type=\"section\" data-e-type=\"section\">\n\t\t\t\t\t\t<div class=\"elementor-container elementor-column-gap-no\">\n\t\t\t\t\t<div class=\"elementor-column elementor-col-100 elementor-top-column elementor-element elementor-element-3760551\" data-id=\"3760551\" data-element_type=\"column\" data-e-type=\"column\">\n\t\t\t<div class=\"elementor-widget-wrap elementor-element-populated\">\n\t\t\t\t\t\t<div class=\"elementor-element elementor-element-d2f495e elementor-widget elementor-widget-honshi-hero-slider\" data-id=\"d2f495e\" data-element_type=\"widget\" data-e-type=\"widget\" data-widget_type=\"honshi-hero-slider.default\">\n\t\t\t\t<div class=\"elementor-widget-container\">\n\t\t\t\t\t<div id=\"hero\" class=\"hero hero-fullscreen hero_d2f495e\"><div class=\"hero-slider-elementor owl-carousel owl-theme -js-carousel\" data-owl-items=\"1\" data-owl-loop=\"true\" data-owl-autoplay=\"true\" data-owl-autoplayhoverpause=\"true\" data-owl-dots=\"false\" data-owl-autoplaytimeout=\"6000\" data-owl-speed=\"3000\" data-owl-smartspeed=\"3000\" data-owl-fluidspeed=\"true\"><div class=\"slide slide-item jarallax elementor-repeater-item-ad95d2f\" data-img-size=\"cover\" data-img-position=\"center\" data-img-repeat=\"no-repeat\" data-type=\"scroll\" data-speed=\"0.2\" data-android=\"1\" data-ios=\"1\"><div class=\"hero-content\"><div class=\"container\"><div class=\"m-auto text-right\"><h3 class=\"hero-heading h1-lg mb10\">Formulario<\/h3><h3 class=\"lead h5-md mb20\">Cont\u00e1cto<\/h3><\/div><\/div><\/div><\/div><\/div><\/div>\t\t\t\t<\/div>\n\t\t\t\t<\/div>\n\t\t\t\t<div class=\"elementor-element elementor-element-22a336d elementor-widget__width-auto elementor-absolute elementor-widget elementor-widget-text-editor\" data-id=\"22a336d\" data-element_type=\"widget\" data-e-type=\"widget\" data-settings=\"{&quot;_position&quot;:&quot;absolute&quot;}\" data-widget_type=\"text-editor.default\">\n\t\t\t\t<div class=\"elementor-widget-container\">\n\t\t\t\t\t\t\t\t\t<p>Bird Photographed by <span style=\"color: #999999;\"><a style=\"color: #999999;\" href=\"https:\/\/www.instagram.com\/heilerunaturephotography?igsh=MWQ3dWx1ZXFuajkwZg%3D%3D\" target=\"_blank\" rel=\"noopener\">@heilerunaturephotography<\/a><\/span><\/p>\t\t\t\t\t\t\t\t<\/div>\n\t\t\t\t<\/div>\n\t\t\t\t\t<\/div>\n\t\t<\/div>\n\t\t\t\t\t<\/div>\n\t\t<\/section>\n\t\t\t\t<section class=\"elementor-section elementor-top-section elementor-element elementor-element-3e9ad743 elementor-section-content-middle elementor-section-boxed elementor-section-height-default elementor-section-height-default\" data-id=\"3e9ad743\" data-element_type=\"section\" data-e-type=\"section\" data-settings=\"{&quot;background_background&quot;:&quot;classic&quot;}\">\n\t\t\t\t\t\t<div class=\"elementor-container elementor-column-gap-default\">\n\t\t\t\t\t<div class=\"elementor-column elementor-col-100 elementor-top-column elementor-element elementor-element-6353cce9\" data-id=\"6353cce9\" data-element_type=\"column\" data-e-type=\"column\">\n\t\t\t<div class=\"elementor-widget-wrap elementor-element-populated\">\n\t\t\t\t\t\t<section class=\"elementor-section elementor-inner-section elementor-element elementor-element-3b3cdb9a elementor-section-content-middle elementor-section-boxed elementor-section-height-default elementor-section-height-default\" data-id=\"3b3cdb9a\" data-element_type=\"section\" data-e-type=\"section\">\n\t\t\t\t\t\t<div class=\"elementor-container elementor-column-gap-default\">\n\t\t\t\t\t<div class=\"elementor-column elementor-col-100 elementor-inner-column elementor-element elementor-element-1391ef01\" data-id=\"1391ef01\" data-element_type=\"column\" data-e-type=\"column\">\n\t\t\t<div class=\"elementor-widget-wrap elementor-element-populated\">\n\t\t\t\t\t\t<div class=\"elementor-element elementor-element-1313219 elementor-widget elementor-widget-heading\" data-id=\"1313219\" data-element_type=\"widget\" data-e-type=\"widget\" data-widget_type=\"heading.default\">\n\t\t\t\t<div class=\"elementor-widget-container\">\n\t\t\t\t\t<h5 class=\"elementor-heading-title elementor-size-default\">Formulario de Contacto<\/h5>\t\t\t\t<\/div>\n\t\t\t\t<\/div>\n\t\t\t\t<div class=\"elementor-element elementor-element-d667bd1 elementor-widget elementor-widget-heading\" data-id=\"d667bd1\" data-element_type=\"widget\" data-e-type=\"widget\" data-widget_type=\"heading.default\">\n\t\t\t\t<div class=\"elementor-widget-container\">\n\t\t\t\t\t<h5 class=\"elementor-heading-title elementor-size-default\">Vuela con Nosotros<\/h5>\t\t\t\t<\/div>\n\t\t\t\t<\/div>\n\t\t\t\t\t<\/div>\n\t\t<\/div>\n\t\t\t\t\t<\/div>\n\t\t<\/section>\n\t\t\t\t<section class=\"elementor-section elementor-inner-section elementor-element elementor-element-78aee365 elementor-section-boxed elementor-section-height-default elementor-section-height-default\" data-id=\"78aee365\" data-element_type=\"section\" data-e-type=\"section\">\n\t\t\t\t\t\t<div class=\"elementor-container elementor-column-gap-default\">\n\t\t\t\t\t<div class=\"elementor-column elementor-col-100 elementor-inner-column elementor-element elementor-element-412c9793\" data-id=\"412c9793\" data-element_type=\"column\" data-e-type=\"column\">\n\t\t\t<div class=\"elementor-widget-wrap elementor-element-populated\">\n\t\t\t\t\t\t<div class=\"elementor-element elementor-element-1a0e107 elementor-widget elementor-widget-text-editor\" data-id=\"1a0e107\" data-element_type=\"widget\" data-e-type=\"widget\" data-widget_type=\"text-editor.default\">\n\t\t\t\t<div class=\"elementor-widget-container\">\n\t\t\t\t\t\t\t\t\tEstimados visitantes, agradecemos su inter\u00e9s y atenci\u00f3n. En SalentoBirdFair estamos comprometidos con ofrecer experiencias \u00fanicas en aviturismo y conservaci\u00f3n de la biodiversidad. Los invitamos a dejar sus datos en el formulario a continuaci\u00f3n para que podamos brindarles la mejor atenci\u00f3n y mantenerlos informados sobre nuestras actividades y eventos. \u00a1Esperamos conectar con ustedes pronto!\t\t\t\t\t\t\t\t<\/div>\n\t\t\t\t<\/div>\n\t\t\t\t\t<\/div>\n\t\t<\/div>\n\t\t\t\t\t<\/div>\n\t\t<\/section>\n\t\t\t\t\t<\/div>\n\t\t<\/div>\n\t\t\t\t\t<\/div>\n\t\t<\/section>\n\t\t<div class=\"elementor-element elementor-element-b95bb9f e-flex e-con-boxed e-con e-parent\" data-id=\"b95bb9f\" data-element_type=\"container\" data-e-type=\"container\" data-settings=\"{&quot;background_background&quot;:&quot;classic&quot;}\">\n\t\t\t\t\t<div class=\"e-con-inner\">\n\t\t\t\t<div class=\"elementor-element elementor-element-2ee7da1 elementor-widget elementor-widget-wpforms\" data-id=\"2ee7da1\" data-element_type=\"widget\" data-e-type=\"widget\" data-widget_type=\"wpforms.default\">\n\t\t\t\t<div class=\"elementor-widget-container\">\n\t\t\t\t\t<style id=\"wpforms-css-vars-elementor-widget-2ee7da1\">\n\t\t\t\t.elementor-widget-wpforms.elementor-element-2ee7da1 {\n\t\t\t\t--wpforms-button-background-color: #2C4D34;\n\t\t\t}\n\t\t\t<\/style><div class=\"wpforms-container wpforms-container-full wpforms-render-modern\" id=\"wpforms-4688\"><form id=\"wpforms-form-4688\" class=\"wpforms-validate wpforms-form wpforms-ajax-form\" data-formid=\"4688\" method=\"post\" enctype=\"multipart\/form-data\" action=\"\/en\/wp-json\/wp\/v2\/pages\/4693\" data-token=\"b1baf54f459fb6654ee99bc73238580d\" data-token-time=\"1776865978\"><noscript class=\"wpforms-error-noscript\">Please enable JavaScript in your browser to complete this form.<\/noscript><div id=\"wpforms-error-noscript\" style=\"display: none;\">Please enable JavaScript in your browser to complete this form.<\/div><div class=\"wpforms-field-container\"><div id=\"wpforms-4688-field_1-container\" class=\"wpforms-field wpforms-field-name\" data-field-id=\"1\"><fieldset><legend class=\"wpforms-field-label\">Nombre <span class=\"wpforms-required-label\" aria-hidden=\"true\">*<\/span><\/legend><div class=\"wpforms-field-row wpforms-field-large\"><div class=\"wpforms-field-row-block wpforms-first wpforms-one-half\"><input type=\"text\" id=\"wpforms-4688-field_1\" class=\"wpforms-field-name-first wpforms-field-required\" name=\"wpforms[fields][1][first]\" aria-errormessage=\"wpforms-4688-field_1-error\" required><label for=\"wpforms-4688-field_1\" class=\"wpforms-field-sublabel after\">First<\/label><\/div><div class=\"wpforms-field-row-block wpforms-one-half\"><input type=\"text\" id=\"wpforms-4688-field_1-last\" class=\"wpforms-field-name-last wpforms-field-required\" name=\"wpforms[fields][1][last]\" aria-errormessage=\"wpforms-4688-field_1-last-error\" required><label for=\"wpforms-4688-field_1-last\" class=\"wpforms-field-sublabel after\">Last<\/label><\/div><\/div><\/fieldset><\/div><div id=\"wpforms-4688-field_2-container\" class=\"wpforms-field wpforms-field-email\" data-field-id=\"2\"><label class=\"wpforms-field-label\" for=\"wpforms-4688-field_2\">Correo electr\u00f3nico <span class=\"wpforms-required-label\" aria-hidden=\"true\">*<\/span><\/label><input type=\"email\" id=\"wpforms-4688-field_2\" class=\"wpforms-field-large wpforms-field-required\" name=\"wpforms[fields][2]\" spellcheck=\"false\" aria-errormessage=\"wpforms-4688-field_2-error\" required><\/div>\t\t<div id=\"wpforms-4688-field_4-container\"\n\t\t\tclass=\"wpforms-field wpforms-field-text\"\n\t\t\tdata-field-type=\"text\"\n\t\t\tdata-field-id=\"4\"\n\t\t\t>\n\t\t\t<label class=\"wpforms-field-label\" for=\"wpforms-4688-field_4\" >o Nombre electr\u00f3nico<\/label>\n\t\t\t<input type=\"text\" id=\"wpforms-4688-field_4\" class=\"wpforms-field-medium\" name=\"wpforms[fields][4]\" >\n\t\t<\/div>\n\t\t<div id=\"wpforms-4688-field_3-container\" class=\"wpforms-field wpforms-field-textarea\" data-field-id=\"3\"><label class=\"wpforms-field-label\" for=\"wpforms-4688-field_3\">Comentario o mensaje<\/label><textarea id=\"wpforms-4688-field_3\" class=\"wpforms-field-medium\" name=\"wpforms[fields][3]\" aria-errormessage=\"wpforms-4688-field_3-error\" ><\/textarea><\/div><script>\n\t\t\t\t( function() {\n\t\t\t\t\tconst style = document.createElement( 'style' );\n\t\t\t\t\tstyle.appendChild( document.createTextNode( '#wpforms-4688-field_4-container { position: absolute !important; overflow: hidden !important; display: inline !important; height: 1px !important; width: 1px !important; z-index: -1000 !important; padding: 0 !important; } #wpforms-4688-field_4-container input { visibility: hidden; } #wpforms-conversational-form-page #wpforms-4688-field_4-container label { counter-increment: none; }' ) );\n\t\t\t\t\tdocument.head.appendChild( style );\n\t\t\t\t\tdocument.currentScript?.remove();\n\t\t\t\t} )();\n\t\t\t<\/script><\/div><!-- .wpforms-field-container --><div class=\"wpforms-submit-container\" ><input type=\"hidden\" name=\"wpforms[id]\" value=\"4688\"><input type=\"hidden\" name=\"page_title\" value=\"\"><input type=\"hidden\" name=\"page_url\" value=\"https:\/\/salentobirdfair.com\/en\/wp-json\/wp\/v2\/pages\/4693\"><input type=\"hidden\" name=\"url_referer\" value=\"\"><button type=\"submit\" name=\"wpforms[submit]\" id=\"wpforms-submit-4688\" class=\"wpforms-submit\" data-alt-text=\"Enviando...\" data-submit-text=\"Enviar\" aria-live=\"assertive\" value=\"wpforms-submit\">Enviar<\/button><img decoding=\"async\" src=\"https:\/\/salentobirdfair.com\/wp-content\/plugins\/wpforms-lite\/assets\/images\/submit-spin.svg\" class=\"wpforms-submit-spinner\" style=\"display: none;\" width=\"26\" height=\"26\" alt=\"Loading\"><\/div><\/form><\/div>  <!-- .wpforms-container -->\t\t\t\t<\/div>\n\t\t\t\t<\/div>\n\t\t\t\t\t<\/div>\n\t\t\t\t<\/div>\n\t\t<div class=\"elementor-element elementor-element-68fb430 e-flex e-con-boxed e-con e-parent\" data-id=\"68fb430\" data-element_type=\"container\" data-e-type=\"container\" data-settings=\"{&quot;background_background&quot;:&quot;classic&quot;}\">\n\t\t\t\t\t<div class=\"e-con-inner\">\n\t\t\t\t<div class=\"elementor-element elementor-element-22ae883 elementor-align-center elementor-widget__width-auto elementor-fixed elementor-widget elementor-widget-button\" data-id=\"22ae883\" data-element_type=\"widget\" data-e-type=\"widget\" data-settings=\"{&quot;_position&quot;:&quot;fixed&quot;}\" data-widget_type=\"button.default\">\n\t\t\t\t<div class=\"elementor-widget-container\">\n\t\t\t\t\t\t\t\t\t<div class=\"elementor-button-wrapper\">\n\t\t\t\t\t<a class=\"elementor-button elementor-button-link elementor-size-sm\" href=\"https:\/\/salentobirdfair.com\/tienda\/\">\n\t\t\t\t\t\t<span class=\"elementor-button-content-wrapper\">\n\t\t\t\t\t\t\t\t\t<span class=\"elementor-button-text\">Inscr\u00edbete Aqu\u00ed<\/span>\n\t\t\t\t\t<\/span>\n\t\t\t\t\t<\/a>\n\t\t\t\t<\/div>\n\t\t\t\t\t\t\t\t<\/div>\n\t\t\t\t<\/div>\n\t\t\t\t<div class=\"elementor-element elementor-element-5c4b6e2 elementor-widget__width-auto elementor-fixed elementor-widget elementor-widget-button\" data-id=\"5c4b6e2\" data-element_type=\"widget\" data-e-type=\"widget\" data-settings=\"{&quot;_position&quot;:&quot;fixed&quot;}\" data-widget_type=\"button.default\">\n\t\t\t\t<div class=\"elementor-widget-container\">\n\t\t\t\t\t\t\t\t\t<div class=\"elementor-button-wrapper\">\n\t\t\t\t\t<a class=\"elementor-button elementor-button-link elementor-size-sm\" href=\"https:\/\/wa.me\/573216667497?text=\u00a1Hola!%20requiero%20informaci\u00f3n%20sobre%20la%20Salento%20Bird%20Fair.\" target=\"_blank\" rel=\"noopener\">\n\t\t\t\t\t\t<span class=\"elementor-button-content-wrapper\">\n\t\t\t\t\t\t<span class=\"elementor-button-icon\">\n\t\t\t\t<svg aria-hidden=\"true\" class=\"e-font-icon-svg e-fab-whatsapp\" viewBox=\"0 0 448 512\" xmlns=\"http:\/\/www.w3.org\/2000\/svg\"><path d=\"M380.9 97.1C339 55.1 283.2 32 223.9 32c-122.4 0-222 99.6-222 222 0 39.1 10.2 77.3 29.6 111L0 480l117.7-30.9c32.4 17.7 68.9 27 106.1 27h.1c122.3 0 224.1-99.6 224.1-222 0-59.3-25.2-115-67.1-157zm-157 341.6c-33.2 0-65.7-8.9-94-25.7l-6.7-4-69.8 18.3L72 359.2l-4.4-7c-18.5-29.4-28.2-63.3-28.2-98.2 0-101.7 82.8-184.5 184.6-184.5 49.3 0 95.6 19.2 130.4 54.1 34.8 34.9 56.2 81.2 56.1 130.5 0 101.8-84.9 184.6-186.6 184.6zm101.2-138.2c-5.5-2.8-32.8-16.2-37.9-18-5.1-1.9-8.8-2.8-12.5 2.8-3.7 5.6-14.3 18-17.6 21.8-3.2 3.7-6.5 4.2-12 1.4-32.6-16.3-54-29.1-75.5-66-5.7-9.8 5.7-9.1 16.3-30.3 1.8-3.7.9-6.9-.5-9.7-1.4-2.8-12.5-30.1-17.1-41.2-4.5-10.8-9.1-9.3-12.5-9.5-3.2-.2-6.9-.2-10.6-.2-3.7 0-9.7 1.4-14.8 6.9-5.1 5.6-19.4 19-19.4 46.3 0 27.3 19.9 53.7 22.6 57.4 2.8 3.7 39.1 59.7 94.8 83.8 35.2 15.2 49 16.5 66.6 13.9 10.7-1.6 32.8-13.4 37.4-26.4 4.6-13 4.6-24.1 3.2-26.4-1.3-2.5-5-3.9-10.5-6.6z\"><\/path><\/svg>\t\t\t<\/span>\n\t\t\t\t\t\t\t\t<\/span>\n\t\t\t\t\t<\/a>\n\t\t\t\t<\/div>\n\t\t\t\t\t\t\t\t<\/div>\n\t\t\t\t<\/div>\n\t\t\t\t<div class=\"elementor-element elementor-element-5949f04 elementor-widget-mobile__width-initial ventana_emerg elementor-hidden-desktop elementor-hidden-tablet elementor-hidden-mobile premium-modal-dismissible-yes elementor-widget elementor-widget-premium-addon-modal-box\" data-id=\"5949f04\" data-element_type=\"widget\" data-e-type=\"widget\" data-settings=\"{&quot;premium_modal_box_animation&quot;:&quot;fadeInDown&quot;}\" data-widget_type=\"premium-addon-modal-box.default\">\n\t\t\t\t<div class=\"elementor-widget-container\">\n\t\t\t\t\t\n\t\t<div class=\"premium-modal-box-container\" data-settings=\"{&quot;trigger&quot;:&quot;pageload&quot;,&quot;show_on_exit&quot;:false,&quot;delay&quot;:1}\">\n\t\t\t<div class=\"premium-modal-trigger-container\">\n\t\t\t\t\t\t\t<\/div>\n\n\t\t\t<div id=\"premium-modal-5949f04\" class=\"premium-modal-box-modal\"\n\t\t\trole=\"dialog\"\n\t\t\tstyle=\"display: none\"\n\t\t\t>\n\t\t\t\t<div class=\"premium-modal-box-modal-dialog\" data-delay-animation=\"\" data-modal-animation=\"fadeInDown animated-\">\n\t\t\t\t\t\t\t\t\t\t\t<div class=\"premium-modal-box-modal-header\">\n\t\t\t\t\t\t\t\t\t\t\t\t\t\t\t\t\t\t\t\t\t\t<div class=\"premium-modal-box-close-button-container\">\n\t\t\t\t\t\t\t\t\t<button type=\"button\" class=\"premium-modal-box-modal-close\" data-dismiss=\"premium-modal\">&times;<\/button>\n\t\t\t\t\t\t\t\t<\/div>\n\t\t\t\t\t\t\t\t\t\t\t\t\t<\/div>\n\t\t\t\t\t\t\t\t\t\t<div class=\"premium-modal-box-modal-body\">\n\t\t\t\t\t\t\n\t\t\t\t\t\t\t<style>.elementor-4545 .elementor-element.elementor-element-b224258{--display:flex;--min-height:500px;--flex-direction:column;--container-widget-width:100%;--container-widget-height:initial;--container-widget-flex-grow:0;--container-widget-align-self:initial;--flex-wrap-mobile:wrap;--justify-content:flex-end;}.elementor-4545 .elementor-element.elementor-element-b224258:not(.elementor-motion-effects-element-type-background), .elementor-4545 .elementor-element.elementor-element-b224258 > .elementor-motion-effects-container > .elementor-motion-effects-layer{background-image:url(\"https:\/\/salentobirdfair.com\/wp-content\/uploads\/2025\/07\/ventanaemergente-espanol-PC.png\");background-position:center center;background-repeat:no-repeat;}.elementor-4545 .elementor-element.elementor-element-26ccc08{--display:flex;--min-height:500px;--flex-direction:column;--container-widget-width:100%;--container-widget-height:initial;--container-widget-flex-grow:0;--container-widget-align-self:initial;--flex-wrap-mobile:wrap;--justify-content:flex-end;}.elementor-4545 .elementor-element.elementor-element-26ccc08:not(.elementor-motion-effects-element-type-background), .elementor-4545 .elementor-element.elementor-element-26ccc08 > .elementor-motion-effects-container > .elementor-motion-effects-layer{background-image:url(\"https:\/\/salentobirdfair.com\/wp-content\/uploads\/2025\/07\/ventanaemergente-english-PC.png\");background-position:center center;background-repeat:no-repeat;}@media(max-width:1024px){.elementor-4545 .elementor-element.elementor-element-b224258:not(.elementor-motion-effects-element-type-background), .elementor-4545 .elementor-element.elementor-element-b224258 > .elementor-motion-effects-container > .elementor-motion-effects-layer{background-image:url(\"https:\/\/salentobirdfair.com\/wp-content\/uploads\/2025\/07\/ventanaemergente-espanol.png\");}.elementor-4545 .elementor-element.elementor-element-26ccc08:not(.elementor-motion-effects-element-type-background), .elementor-4545 .elementor-element.elementor-element-26ccc08 > .elementor-motion-effects-container > .elementor-motion-effects-layer{background-image:url(\"https:\/\/salentobirdfair.com\/wp-content\/uploads\/2025\/07\/ventanaemergente-english.png\");}}@media(min-width:768px){.elementor-4545 .elementor-element.elementor-element-b224258{--content-width:1000px;}.elementor-4545 .elementor-element.elementor-element-26ccc08{--content-width:1000px;}}@media(max-width:1024px) and (min-width:768px){.elementor-4545 .elementor-element.elementor-element-b224258{--content-width:400px;}}@media(max-width:767px){.elementor-4545 .elementor-element.elementor-element-b224258{--content-width:300px;--min-height:375px;}.elementor-4545 .elementor-element.elementor-element-b224258:not(.elementor-motion-effects-element-type-background), .elementor-4545 .elementor-element.elementor-element-b224258 > .elementor-motion-effects-container > .elementor-motion-effects-layer{background-image:url(\"https:\/\/salentobirdfair.com\/wp-content\/uploads\/2025\/07\/ventanaemergente-espanol.png\");background-repeat:no-repeat;background-size:300px auto;}.elementor-4545 .elementor-element.elementor-element-26ccc08{--content-width:300px;--min-height:375px;}.elementor-4545 .elementor-element.elementor-element-26ccc08:not(.elementor-motion-effects-element-type-background), .elementor-4545 .elementor-element.elementor-element-26ccc08 > .elementor-motion-effects-container > .elementor-motion-effects-layer{background-image:url(\"https:\/\/salentobirdfair.com\/wp-content\/uploads\/2025\/07\/ventanaemergente-english.png\");background-size:300px auto;}}<\/style>\t\t<div data-elementor-type=\"container\" data-elementor-id=\"4545\" class=\"elementor elementor-4545\">\n\t\t\t\t<a class=\"elementor-element elementor-element-26ccc08 e-flex e-con-boxed e-con e-parent\" data-id=\"26ccc08\" data-element_type=\"container\" data-e-type=\"container\" data-settings=\"{&quot;background_background&quot;:&quot;classic&quot;}\" href=\"https:\/\/salentobirdfair.com\/tienda\/\">\n\t\t\t\t\t<div class=\"e-con-inner\">\n\t\t\t\t\t<\/div>\n\t\t\t\t<\/a>\n\t\t\t\t<\/div>\n\t\t\n\t\t\t\t\t\t\t\t\t\t\t<\/div>\n\t\t\t\t\t\t\t\t\t<\/div>\n\t\t\t<\/div>\n\t\t<\/div>\n\t\t\t\t\t\t<\/div>\n\t\t\t\t<\/div>\n\t\t\t\t\t<\/div>\n\t\t\t\t<\/div>\n\t\t\t\t<\/div>\n\t\t","protected":false},"excerpt":{"rendered":"<p>Formulario Cont\u00e1cto Bird Photographed by @heilerunaturephotography Formulario de Contacto Vuela con Nosotros Estimados visitantes, agradecemos su inter\u00e9s y atenci\u00f3n. En SalentoBirdFair estamos comprometidos con ofrecer experiencias \u00fanicas en aviturismo y conservaci\u00f3n de la biodiversidad. Los invitamos a dejar sus datos en el formulario a continuaci\u00f3n para que podamos brindarles la mejor atenci\u00f3n y mantenerlos informados [&hellip;]<\/p>\n","protected":false},"author":19,"featured_media":0,"parent":0,"menu_order":0,"comment_status":"closed","ping_status":"closed","template":"honshi-elementor-page.php","meta":{"footnotes":""},"class_list":["post-4693","page","type-page","status-publish","hentry"],"jetpack_sharing_enabled":true,"_links":{"self":[{"href":"https:\/\/salentobirdfair.com\/en\/wp-json\/wp\/v2\/pages\/4693","targetHints":{"allow":["GET"]}}],"collection":[{"href":"https:\/\/salentobirdfair.com\/en\/wp-json\/wp\/v2\/pages"}],"about":[{"href":"https:\/\/salentobirdfair.com\/en\/wp-json\/wp\/v2\/types\/page"}],"author":[{"embeddable":true,"href":"https:\/\/salentobirdfair.com\/en\/wp-json\/wp\/v2\/users\/19"}],"replies":[{"embeddable":true,"href":"https:\/\/salentobirdfair.com\/en\/wp-json\/wp\/v2\/comments?post=4693"}],"version-history":[{"count":50,"href":"https:\/\/salentobirdfair.com\/en\/wp-json\/wp\/v2\/pages\/4693\/revisions"}],"predecessor-version":[{"id":5071,"href":"https:\/\/salentobirdfair.com\/en\/wp-json\/wp\/v2\/pages\/4693\/revisions\/5071"}],"wp:attachment":[{"href":"https:\/\/salentobirdfair.com\/en\/wp-json\/wp\/v2\/media?parent=4693"}],"curies":[{"name":"wp","href":"https:\/\/api.w.org\/{rel}","templated":true}]}}