{"id":3271,"date":"2024-06-07T15:01:28","date_gmt":"2024-06-07T20:01:28","guid":{"rendered":"https:\/\/salentobirdfair.com\/?post_type=product&#038;p=3271"},"modified":"2025-08-01T00:04:19","modified_gmt":"2025-08-01T05:04:19","slug":"taller-de-ilustracion-de-aves","status":"publish","type":"product","link":"https:\/\/salentobirdfair.com\/en\/product\/taller-de-ilustracion-de-aves\/","title":{"rendered":"Scientific Bird Illustration Workshop"},"content":{"rendered":"<p data-start=\"271\" data-end=\"419\"><strong data-start=\"271\" data-end=\"344\">Scientific Bird Illustration Workshop: \u201cColor and Science in Feathers\u201d<\/strong><br data-start=\"344\" data-end=\"347\" \/>Saturday <em data-start=\"350\" data-end=\"395\">13 &amp; Sunday, September 14 \u2013 2:00 to 5:00 p.m.<\/em><br data-start=\"395\" data-end=\"398\" \/>\ud83d\udccd <em data-start=\"401\" data-end=\"419\">Salento, Quind\u00edo<\/em><\/p>\n<p data-start=\"421\" data-end=\"791\">In this workshop, you\u2019ll learn to portray the beauty of birds with scientific accuracy and artistic sensitivity. This space combines art, detailed observation, and taxonomic knowledge in a creative and rigorous experience.<\/p>\n<p data-start=\"793\" data-end=\"933\"><strong data-start=\"793\" data-end=\"813\">What will you learn?<\/strong><br data-start=\"813\" data-end=\"816\" \/>Throughout the workshop, you'll dive into the fundamentals of anatomical drawing with birds as the main subject. We\u2019ll cover:<\/p>\n<p data-start=\"935\" data-end=\"1301\">\ud83d\udd8c\ufe0f Basic drawing theory: proportions, light, shadows, and textures<br data-start=\"1003\" data-end=\"1006\" \/>\ud83c\udf08 Color theory and technical use of colored pencils<br data-start=\"1063\" data-end=\"1066\" \/>\ud83e\uddea Use of turpentine as a blending medium to enrich technique<br data-start=\"1135\" data-end=\"1138\" \/>\ud83d\udcd0 Sketching, base drawing, color application, and final details<br data-start=\"1204\" data-end=\"1207\" \/>\ud83d\udd0d Elements of scientific illustration: scientific name, taxonomy, and morphological accuracy<\/p>\n<p data-start=\"1567\" data-end=\"1815\"><strong data-start=\"1567\" data-end=\"1585\">What will you achieve?<\/strong><br data-start=\"1585\" data-end=\"1588\" \/>By the end, each participant will have created their own <strong data-start=\"1636\" data-end=\"1686\">basic scientific bird illustration,<\/strong>drawn on paper and completed step by step. More than just a drawing, it will be a piece where science and art meet with elegance.<\/p>\n<p data-start=\"1624\" data-end=\"1694\"><strong data-start=\"1624\" data-end=\"1653\">\ud83e\uddf0 Materials required<\/strong><br data-start=\"1653\" data-end=\"1656\" \/>(Not included in the workshop fee)<\/p>\n<ul data-start=\"1695\" data-end=\"1940\">\n<li data-start=\"1695\" data-end=\"1736\">\n<p data-start=\"1697\" data-end=\"1736\">Printed photograph of the bird to illustrate<\/p>\n<\/li>\n<li data-start=\"1737\" data-end=\"1756\">\n<p data-start=\"1739\" data-end=\"1756\">Drawing paper<\/p>\n<\/li>\n<li data-start=\"1757\" data-end=\"1779\">\n<p data-start=\"1759\" data-end=\"1779\">Sketch paper<\/p>\n<\/li>\n<li data-start=\"1780\" data-end=\"1798\">\n<p data-start=\"1782\" data-end=\"1798\">Tracing paper<\/p>\n<\/li>\n<li data-start=\"1799\" data-end=\"1811\">\n<p data-start=\"1801\" data-end=\"1811\">Pen<\/p>\n<\/li>\n<li data-start=\"1812\" data-end=\"1834\">\n<p data-start=\"1814\" data-end=\"1834\">Graphite pencils<\/p>\n<\/li>\n<li data-start=\"1835\" data-end=\"1855\">\n<p data-start=\"1837\" data-end=\"1855\">Colored pencils<\/p>\n<\/li>\n<li data-start=\"1856\" data-end=\"1870\">\n<p data-start=\"1858\" data-end=\"1870\">Sharpener<\/p>\n<\/li>\n<li data-start=\"1871\" data-end=\"1883\">\n<p data-start=\"1873\" data-end=\"1883\">Eraser<\/p>\n<\/li>\n<li data-start=\"1884\" data-end=\"1893\">\n<p data-start=\"1886\" data-end=\"1893\">Ruler<\/p>\n<\/li>\n<li data-start=\"1894\" data-end=\"1906\">\n<p data-start=\"1896\" data-end=\"1906\">Brushes<\/p>\n<\/li>\n<li data-start=\"1907\" data-end=\"1921\">\n<p data-start=\"1909\" data-end=\"1921\">Turpentine<\/p>\n<\/li>\n<li data-start=\"1922\" data-end=\"1940\">\n<p data-start=\"1924\" data-end=\"1940\">Paper towels<\/p>\n<\/li>\n<\/ul>\n<p data-start=\"1817\" data-end=\"1963\"><strong data-start=\"1817\" data-end=\"1829\">Includes:<\/strong><br data-start=\"1829\" data-end=\"1832\" \/>\u2615 Refreshments<br data-start=\"1871\" data-end=\"1874\" \/>\ud83d\udcf8 A classroom equipped with audiovisual aids<br data-start=\"1908\" data-end=\"1911\" \/>\ud83d\udc69\u200d\ud83c\udfa8 Expert guidance throughout the entire process<\/p>","protected":false},"excerpt":{"rendered":"<div class=\"flex flex-grow flex-col max-w-full\">\n<div class=\"min-h-[20px] text-message flex flex-col items-start whitespace-pre-wrap break-words [.text-message+&amp;]:mt-5 juice:w-full juice:items-end overflow-x-auto gap-3\" dir=\"auto\" data-message-author-role=\"assistant\" data-message-id=\"02e49e30-107d-4644-8591-d219e3daeabf\">\n<div class=\"markdown prose w-full break-words dark:prose-invert light\">\n<p><strong data-start=\"2257\" data-end=\"2330\">Taller de Ilustraci\u00f3n Cient\u00edfica de Aves: \u201cColor y Ciencia en Plumas\u201d<br \/>\n<\/strong>Descubre el arte de observar y dibujar con intenci\u00f3n. En este taller, explorar\u00e1s la belleza de las aves a trav\u00e9s del color y la forma, combinando t\u00e9cnica art\u00edstica y mirada cient\u00edfica. Aprender\u00e1s a crear ilustraciones que retratan y cuentan historias. Al final, te llevar\u00e1s contigo una obra \u00fanica, nacida de tu mano y tu admiraci\u00f3n por la naturaleza.<\/p>\n<\/div>\n<\/div>\n<\/div>\n","protected":false},"featured_media":3272,"template":"","meta":[],"product_brand":[],"product_cat":[15],"product_tag":[],"class_list":{"0":"post-3271","1":"product","2":"type-product","3":"status-publish","4":"has-post-thumbnail","6":"product_cat-salento-birdfair","8":"first","9":"instock","10":"virtual","11":"taxable","12":"purchasable","13":"product-type-simple"},"jetpack_sharing_enabled":true,"_links":{"self":[{"href":"https:\/\/salentobirdfair.com\/en\/wp-json\/wp\/v2\/product\/3271","targetHints":{"allow":["GET"]}}],"collection":[{"href":"https:\/\/salentobirdfair.com\/en\/wp-json\/wp\/v2\/product"}],"about":[{"href":"https:\/\/salentobirdfair.com\/en\/wp-json\/wp\/v2\/types\/product"}],"wp:featuredmedia":[{"embeddable":true,"href":"https:\/\/salentobirdfair.com\/en\/wp-json\/wp\/v2\/media\/3272"}],"wp:attachment":[{"href":"https:\/\/salentobirdfair.com\/en\/wp-json\/wp\/v2\/media?parent=3271"}],"wp:term":[{"taxonomy":"product_brand","embeddable":true,"href":"https:\/\/salentobirdfair.com\/en\/wp-json\/wp\/v2\/product_brand?post=3271"},{"taxonomy":"product_cat","embeddable":true,"href":"https:\/\/salentobirdfair.com\/en\/wp-json\/wp\/v2\/product_cat?post=3271"},{"taxonomy":"product_tag","embeddable":true,"href":"https:\/\/salentobirdfair.com\/en\/wp-json\/wp\/v2\/product_tag?post=3271"}],"curies":[{"name":"wp","href":"https:\/\/api.w.org\/{rel}","templated":true}]}}